{"id":3587,"date":"2022-02-21T03:44:08","date_gmt":"2022-02-21T03:44:08","guid":{"rendered":"https:\/\/artpublix.com\/contact\/"},"modified":"2024-10-29T20:22:41","modified_gmt":"2024-10-29T20:22:41","slug":"contact","status":"publish","type":"page","link":"https:\/\/artpublix.com\/en\/contact\/","title":{"rendered":"Contact"},"content":{"rendered":"\n<div class=\"wp-block-cover alignfull\" style=\"min-height:550px;aspect-ratio:unset;\"><span aria-hidden=\"true\" class=\"wp-block-cover__background has-ast-global-color-2-background-color has-background-dim\"><\/span><img loading=\"lazy\" decoding=\"async\" width=\"2000\" height=\"1333\" class=\"wp-block-cover__image-background wp-image-3223 lazyload\" alt=\"\" data-src=\"https:\/\/artpublix.com\/wp-content\/uploads\/2021\/11\/a-propos-5.jpg\" data-object-fit=\"cover\" data-srcset=\"https:\/\/artpublix.com\/wp-content\/uploads\/2021\/11\/a-propos-5.jpg 2000w, https:\/\/artpublix.com\/wp-content\/uploads\/2021\/11\/a-propos-5-300x200.jpg 300w, https:\/\/artpublix.com\/wp-content\/uploads\/2021\/11\/a-propos-5-1024x682.jpg 1024w, https:\/\/artpublix.com\/wp-content\/uploads\/2021\/11\/a-propos-5-768x512.jpg 768w, https:\/\/artpublix.com\/wp-content\/uploads\/2021\/11\/a-propos-5-1536x1024.jpg 1536w, https:\/\/artpublix.com\/wp-content\/uploads\/2021\/11\/a-propos-5-785x523.jpg 785w, https:\/\/artpublix.com\/wp-content\/uploads\/2021\/11\/a-propos-5-1200x800.jpg 1200w, https:\/\/artpublix.com\/wp-content\/uploads\/2021\/11\/a-propos-5-600x400.jpg 600w\" data-sizes=\"auto, (max-width: 2000px) 100vw, 2000px\" src=\"data:image\/gif;base64,R0lGODlhAQABAAAAACH5BAEKAAEALAAAAAABAAEAAAICTAEAOw==\" style=\"--smush-placeholder-width: 2000px; --smush-placeholder-aspect-ratio: 2000\/1333;\" \/><noscript><img loading=\"lazy\" decoding=\"async\" width=\"2000\" height=\"1333\" class=\"wp-block-cover__image-background wp-image-3223\" alt=\"\" src=\"https:\/\/artpublix.com\/wp-content\/uploads\/2021\/11\/a-propos-5.jpg\" data-object-fit=\"cover\" srcset=\"https:\/\/artpublix.com\/wp-content\/uploads\/2021\/11\/a-propos-5.jpg 2000w, https:\/\/artpublix.com\/wp-content\/uploads\/2021\/11\/a-propos-5-300x200.jpg 300w, https:\/\/artpublix.com\/wp-content\/uploads\/2021\/11\/a-propos-5-1024x682.jpg 1024w, https:\/\/artpublix.com\/wp-content\/uploads\/2021\/11\/a-propos-5-768x512.jpg 768w, https:\/\/artpublix.com\/wp-content\/uploads\/2021\/11\/a-propos-5-1536x1024.jpg 1536w, https:\/\/artpublix.com\/wp-content\/uploads\/2021\/11\/a-propos-5-785x523.jpg 785w, https:\/\/artpublix.com\/wp-content\/uploads\/2021\/11\/a-propos-5-1200x800.jpg 1200w, https:\/\/artpublix.com\/wp-content\/uploads\/2021\/11\/a-propos-5-600x400.jpg 600w\" sizes=\"auto, (max-width: 2000px) 100vw, 2000px\" \/><\/noscript><div class=\"wp-block-cover__inner-container is-layout-flow wp-block-cover-is-layout-flow\">\n<h1 class=\"wp-block-heading has-white-color has-text-color\">Contact us<\/h1>\n\n\n\n<p>\u00a0<\/p>\n<\/div><\/div>\n\n<div class=\"wp-block-group alignfull has-ast-global-color-4-background-color has-background is-layout-flow wp-block-group-is-layout-flow\"><div class=\"wp-block-group__inner-container\">\n<div class=\"wp-block-columns is-layout-flex wp-container-core-columns-is-layout-28f84493 wp-block-columns-is-layout-flex\">\n<div class=\"wp-block-column is-layout-flow wp-block-column-is-layout-flow\"><div class=\"wpforms-container wpforms-block wpforms-block-d2f02c32-068f-4d7c-83f4-db346e777147\" id=\"wpforms-9\"><form id=\"wpforms-form-9\" class=\"wpforms-validate wpforms-form wpforms-ajax-form\" data-formid=\"9\" method=\"post\" enctype=\"multipart\/form-data\" action=\"\/en\/wp-json\/wp\/v2\/pages\/3587\" data-token=\"72c201575d8b1e56b7d61d04b4aa44f6\" data-token-time=\"1776380338\"><noscript class=\"wpforms-error-noscript\">Please enable JavaScript in your browser to complete this form.<\/noscript><div class=\"wpforms-field-container\"><div id=\"wpforms-9-field_0-container\" class=\"wpforms-field wpforms-field-name\" data-field-id=\"0\"><label class=\"wpforms-field-label wpforms-label-hide\" for=\"wpforms-9-field_0\">Name <span class=\"wpforms-required-label\">*<\/span><\/label><input type=\"text\" id=\"wpforms-9-field_0\" class=\"wpforms-field-large wpforms-field-required\" name=\"wpforms[fields][0]\" placeholder=\"Your name\" required><\/div><div id=\"wpforms-9-field_1-container\" class=\"wpforms-field wpforms-field-email\" data-field-id=\"1\"><label class=\"wpforms-field-label wpforms-label-hide\" for=\"wpforms-9-field_1\">Email <span class=\"wpforms-required-label\">*<\/span><\/label><input type=\"email\" id=\"wpforms-9-field_1\" class=\"wpforms-field-large wpforms-field-required\" name=\"wpforms[fields][1]\" placeholder=\"Your email\" spellcheck=\"false\" required><\/div><div id=\"wpforms-9-field_3-container\" class=\"wpforms-field wpforms-field-text\" data-field-id=\"3\"><label class=\"wpforms-field-label wpforms-label-hide\" for=\"wpforms-9-field_3\">Subject <span class=\"wpforms-required-label\">*<\/span><\/label><input type=\"text\" id=\"wpforms-9-field_3\" class=\"wpforms-field-large wpforms-field-required\" name=\"wpforms[fields][3]\" placeholder=\"Subject\" required><\/div><div id=\"wpforms-9-field_2-container\" class=\"wpforms-field wpforms-field-textarea\" data-field-id=\"2\"><label class=\"wpforms-field-label wpforms-label-hide\" for=\"wpforms-9-field_2\">Comment or Message <span class=\"wpforms-required-label\">*<\/span><\/label><textarea id=\"wpforms-9-field_2\" class=\"wpforms-field-medium wpforms-field-required\" name=\"wpforms[fields][2]\" placeholder=\"Message\" required><\/textarea><\/div><\/div><!-- .wpforms-field-container --><div class=\"wpforms-field wpforms-field-hp\"><label for=\"wpforms-9-field-hp\" class=\"wpforms-field-label\">Name<\/label><input type=\"text\" name=\"wpforms[hp]\" id=\"wpforms-9-field-hp\" class=\"wpforms-field-medium\"><\/div><div class=\"wpforms-recaptcha-container wpforms-is-recaptcha wpforms-is-recaptcha-type-v3\" ><input type=\"hidden\" name=\"wpforms[recaptcha]\" value=\"\"><\/div><div class=\"wpforms-submit-container\" ><input type=\"hidden\" name=\"wpforms[id]\" value=\"9\"><input type=\"hidden\" name=\"page_title\" value=\"\"><input type=\"hidden\" name=\"page_url\" value=\"https:\/\/artpublix.com\/en\/wp-json\/wp\/v2\/pages\/3587\"><button type=\"submit\" name=\"wpforms[submit]\" id=\"wpforms-submit-9\" class=\"wpforms-submit\" data-alt-text=\"Sending...\" data-submit-text=\"Send\" aria-live=\"assertive\" value=\"wpforms-submit\">Send<\/button><img loading=\"lazy\" decoding=\"async\" data-src=\"https:\/\/artpublix.com\/wp-content\/plugins\/wpforms-lite\/assets\/images\/submit-spin.svg\" class=\"wpforms-submit-spinner lazyload\" style=\"--smush-placeholder-width: 26px; --smush-placeholder-aspect-ratio: 26\/26;display: none;\" width=\"26\" height=\"26\" alt=\"Loading\" src=\"data:image\/gif;base64,R0lGODlhAQABAAAAACH5BAEKAAEALAAAAAABAAEAAAICTAEAOw==\"><noscript><img loading=\"lazy\" decoding=\"async\" src=\"https:\/\/artpublix.com\/wp-content\/plugins\/wpforms-lite\/assets\/images\/submit-spin.svg\" class=\"wpforms-submit-spinner\" style=\"display: none;\" width=\"26\" height=\"26\" alt=\"Loading\"><\/noscript><\/div><\/form><\/div>  <!-- .wpforms-container --><\/div>\n\n\n\n<div class=\"wp-block-column is-layout-flow wp-block-column-is-layout-flow\">\n<h3 class=\"wp-block-heading\">ARTPUBLIX<\/h3>\n\n\n\n<p>5151 Av. Louis-H\u00e9bert<br\/>Montr\u00e9al (Qc) H2G 3G8<\/p>\n\n\n\n<h3 class=\"wp-block-heading\">RAYMOND CANTIN<\/h3>\n\n\n\n<p>(514) 290 9001<br\/>raymond@artpublix.com<\/p>\n\n\n\n<h3 class=\"wp-block-heading\">JOANNE STR\u00dcBEL<\/h3>\n\n\n\n<p>(514) 246 4577<br\/><a href=\"mailto:joanne@artpublix.com\">joanne@artpublix.com<\/a><\/p>\n<\/div>\n<\/div>\n<\/div><\/div>\n\n<div class=\"wp-block-group alignfull has-text-color has-background is-layout-flow wp-block-group-is-layout-flow\" style=\"color:#f4f4f4;background-color:#f4f4f4\"><div class=\"wp-block-group__inner-container\">\n<iframe data-src=\"https:\/\/www.google.com\/maps\/embed?pb=!1m18!1m12!1m3!1d2794.424921139152!2d-73.58045748407312!3d45.54177697910192!2m3!1f0!2f0!3f0!3m2!1i1024!2i768!4f13.1!3m3!1m2!1s0x4cc91be3c4c93057%3A0x7eb63304cf8e9bea!2s5151%20Av.%20Louis-H%C3%A9bert%2C%20Montr%C3%A9al%2C%20QC%20H2G%202A6%2C%20Canada!5e0!3m2!1sen!2sus!4v1643040264438!5m2!1sen!2sus\" width=\"100%\" height=\"450\" style=\"border:0;\" allowfullscreen=\"\" loading=\"lazy\" src=\"data:image\/gif;base64,R0lGODlhAQABAAAAACH5BAEKAAEALAAAAAABAAEAAAICTAEAOw==\" class=\"lazyload\" data-load-mode=\"1\"><\/iframe>\n<\/div><\/div>\n\n<hr class=\"wp-block-separator has-text-color has-ast-global-color-7-color has-css-opacity has-ast-global-color-7-background-color has-background is-style-wide\"\/>\n","protected":false},"excerpt":{"rendered":"<p>ARTPUBLIX 5151 Av. Louis-H\u00e9bertMontr\u00e9al (Qc) H2G 3G8 RAYMOND CANTIN (514) 290 9001raymond@artpublix.com JOANNE STR\u00dcBEL (514) 246 4577joanne@artpublix.com<\/p>\n","protected":false},"author":1,"featured_media":0,"parent":0,"menu_order":0,"comment_status":"closed","ping_status":"closed","template":"","meta":{"_acf_changed":false,"_uag_custom_page_level_css":"","site-sidebar-layout":"default","site-content-layout":"plain-container","ast-site-content-layout":"normal-width-container","site-content-style":"unboxed","site-sidebar-style":"unboxed","ast-global-header-display":"","ast-banner-title-visibility":"","ast-main-header-display":"","ast-hfb-above-header-display":"","ast-hfb-below-header-display":"","ast-hfb-mobile-header-display":"","site-post-title":"disabled","ast-breadcrumbs-content":"","ast-featured-img":"","footer-sml-layout":"","theme-transparent-header-meta":"enabled","adv-header-id-meta":"","stick-header-meta":"","header-above-stick-meta":"","header-main-stick-meta":"","header-below-stick-meta":"","astra-migrate-meta-layouts":"set","footnotes":""},"class_list":["post-3587","page","type-page","status-publish","hentry"],"acf":[],"yoast_head":"<!-- This site is optimized with the Yoast SEO plugin v23.4 - https:\/\/yoast.com\/wordpress\/plugins\/seo\/ -->\n<title>Contact | Art Publix<\/title>\n<meta name=\"robots\" content=\"index, follow, max-snippet:-1, max-image-preview:large, max-video-preview:-1\" \/>\n<link rel=\"canonical\" href=\"https:\/\/artpublix.com\/en\/contact\/\" \/>\n<meta property=\"og:locale\" content=\"en_US\" \/>\n<meta property=\"og:type\" content=\"article\" \/>\n<meta property=\"og:title\" content=\"Contact | Art Publix\" \/>\n<meta property=\"og:description\" content=\"ARTPUBLIX 5151 Av. Louis-H\u00e9bertMontr\u00e9al (Qc) H2G 3G8 RAYMOND CANTIN (514) 290 9001raymond@artpublix.com JOANNE STR\u00dcBEL (514) 246 4577joanne@artpublix.com\" \/>\n<meta property=\"og:url\" content=\"https:\/\/artpublix.com\/en\/contact\/\" \/>\n<meta property=\"og:site_name\" content=\"Art Publix\" \/>\n<meta property=\"article:modified_time\" content=\"2024-10-29T20:22:41+00:00\" \/>\n<meta property=\"og:image\" content=\"https:\/\/artpublix.com\/wp-content\/uploads\/2021\/11\/a-propos-5.jpg\" \/>\n<meta name=\"twitter:card\" content=\"summary_large_image\" \/>\n<meta name=\"twitter:label1\" content=\"Est. reading time\" \/>\n\t<meta name=\"twitter:data1\" content=\"1 minute\" \/>\n<script type=\"application\/ld+json\" class=\"yoast-schema-graph\">{\"@context\":\"https:\/\/schema.org\",\"@graph\":[{\"@type\":\"WebPage\",\"@id\":\"https:\/\/artpublix.com\/en\/contact\/\",\"url\":\"https:\/\/artpublix.com\/en\/contact\/\",\"name\":\"Contact | Art Publix\",\"isPartOf\":{\"@id\":\"https:\/\/artpublix.com\/en\/#website\"},\"primaryImageOfPage\":{\"@id\":\"https:\/\/artpublix.com\/en\/contact\/#primaryimage\"},\"image\":{\"@id\":\"https:\/\/artpublix.com\/en\/contact\/#primaryimage\"},\"thumbnailUrl\":\"https:\/\/artpublix.com\/wp-content\/uploads\/2021\/11\/a-propos-5.jpg\",\"datePublished\":\"2022-02-21T03:44:08+00:00\",\"dateModified\":\"2024-10-29T20:22:41+00:00\",\"breadcrumb\":{\"@id\":\"https:\/\/artpublix.com\/en\/contact\/#breadcrumb\"},\"inLanguage\":\"en-US\",\"potentialAction\":[{\"@type\":\"ReadAction\",\"target\":[\"https:\/\/artpublix.com\/en\/contact\/\"]}]},{\"@type\":\"ImageObject\",\"inLanguage\":\"en-US\",\"@id\":\"https:\/\/artpublix.com\/en\/contact\/#primaryimage\",\"url\":\"https:\/\/artpublix.com\/wp-content\/uploads\/2021\/11\/a-propos-5.jpg\",\"contentUrl\":\"https:\/\/artpublix.com\/wp-content\/uploads\/2021\/11\/a-propos-5.jpg\"},{\"@type\":\"BreadcrumbList\",\"@id\":\"https:\/\/artpublix.com\/en\/contact\/#breadcrumb\",\"itemListElement\":[{\"@type\":\"ListItem\",\"position\":1,\"name\":\"Accueil\",\"item\":\"https:\/\/artpublix.com\/en\/\"},{\"@type\":\"ListItem\",\"position\":2,\"name\":\"Contact\"}]},{\"@type\":\"WebSite\",\"@id\":\"https:\/\/artpublix.com\/en\/#website\",\"url\":\"https:\/\/artpublix.com\/en\/\",\"name\":\"Art Publix\",\"description\":\"Just another WordPress site\",\"publisher\":{\"@id\":\"https:\/\/artpublix.com\/en\/#organization\"},\"potentialAction\":[{\"@type\":\"SearchAction\",\"target\":{\"@type\":\"EntryPoint\",\"urlTemplate\":\"https:\/\/artpublix.com\/en\/?s={search_term_string}\"},\"query-input\":{\"@type\":\"PropertyValueSpecification\",\"valueRequired\":true,\"valueName\":\"search_term_string\"}}],\"inLanguage\":\"en-US\"},{\"@type\":\"Organization\",\"@id\":\"https:\/\/artpublix.com\/en\/#organization\",\"name\":\"Artpublix\",\"url\":\"https:\/\/artpublix.com\/en\/\",\"logo\":{\"@type\":\"ImageObject\",\"inLanguage\":\"en-US\",\"@id\":\"https:\/\/artpublix.com\/en\/#\/schema\/logo\/image\/\",\"url\":\"https:\/\/artpublix.com\/wp-content\/uploads\/2021\/12\/logo-artpublix.svg\",\"contentUrl\":\"https:\/\/artpublix.com\/wp-content\/uploads\/2021\/12\/logo-artpublix.svg\",\"width\":1,\"height\":1,\"caption\":\"Artpublix\"},\"image\":{\"@id\":\"https:\/\/artpublix.com\/en\/#\/schema\/logo\/image\/\"}}]}<\/script>\n<!-- \/ Yoast SEO plugin. -->","yoast_head_json":{"title":"Contact | Art Publix","robots":{"index":"index","follow":"follow","max-snippet":"max-snippet:-1","max-image-preview":"max-image-preview:large","max-video-preview":"max-video-preview:-1"},"canonical":"https:\/\/artpublix.com\/en\/contact\/","og_locale":"en_US","og_type":"article","og_title":"Contact | Art Publix","og_description":"ARTPUBLIX 5151 Av. Louis-H\u00e9bertMontr\u00e9al (Qc) H2G 3G8 RAYMOND CANTIN (514) 290 9001raymond@artpublix.com JOANNE STR\u00dcBEL (514) 246 4577joanne@artpublix.com","og_url":"https:\/\/artpublix.com\/en\/contact\/","og_site_name":"Art Publix","article_modified_time":"2024-10-29T20:22:41+00:00","og_image":[{"url":"https:\/\/artpublix.com\/wp-content\/uploads\/2021\/11\/a-propos-5.jpg"}],"twitter_card":"summary_large_image","twitter_misc":{"Est. reading time":"1 minute"},"schema":{"@context":"https:\/\/schema.org","@graph":[{"@type":"WebPage","@id":"https:\/\/artpublix.com\/en\/contact\/","url":"https:\/\/artpublix.com\/en\/contact\/","name":"Contact | Art Publix","isPartOf":{"@id":"https:\/\/artpublix.com\/en\/#website"},"primaryImageOfPage":{"@id":"https:\/\/artpublix.com\/en\/contact\/#primaryimage"},"image":{"@id":"https:\/\/artpublix.com\/en\/contact\/#primaryimage"},"thumbnailUrl":"https:\/\/artpublix.com\/wp-content\/uploads\/2021\/11\/a-propos-5.jpg","datePublished":"2022-02-21T03:44:08+00:00","dateModified":"2024-10-29T20:22:41+00:00","breadcrumb":{"@id":"https:\/\/artpublix.com\/en\/contact\/#breadcrumb"},"inLanguage":"en-US","potentialAction":[{"@type":"ReadAction","target":["https:\/\/artpublix.com\/en\/contact\/"]}]},{"@type":"ImageObject","inLanguage":"en-US","@id":"https:\/\/artpublix.com\/en\/contact\/#primaryimage","url":"https:\/\/artpublix.com\/wp-content\/uploads\/2021\/11\/a-propos-5.jpg","contentUrl":"https:\/\/artpublix.com\/wp-content\/uploads\/2021\/11\/a-propos-5.jpg"},{"@type":"BreadcrumbList","@id":"https:\/\/artpublix.com\/en\/contact\/#breadcrumb","itemListElement":[{"@type":"ListItem","position":1,"name":"Accueil","item":"https:\/\/artpublix.com\/en\/"},{"@type":"ListItem","position":2,"name":"Contact"}]},{"@type":"WebSite","@id":"https:\/\/artpublix.com\/en\/#website","url":"https:\/\/artpublix.com\/en\/","name":"Art Publix","description":"Just another WordPress site","publisher":{"@id":"https:\/\/artpublix.com\/en\/#organization"},"potentialAction":[{"@type":"SearchAction","target":{"@type":"EntryPoint","urlTemplate":"https:\/\/artpublix.com\/en\/?s={search_term_string}"},"query-input":{"@type":"PropertyValueSpecification","valueRequired":true,"valueName":"search_term_string"}}],"inLanguage":"en-US"},{"@type":"Organization","@id":"https:\/\/artpublix.com\/en\/#organization","name":"Artpublix","url":"https:\/\/artpublix.com\/en\/","logo":{"@type":"ImageObject","inLanguage":"en-US","@id":"https:\/\/artpublix.com\/en\/#\/schema\/logo\/image\/","url":"https:\/\/artpublix.com\/wp-content\/uploads\/2021\/12\/logo-artpublix.svg","contentUrl":"https:\/\/artpublix.com\/wp-content\/uploads\/2021\/12\/logo-artpublix.svg","width":1,"height":1,"caption":"Artpublix"},"image":{"@id":"https:\/\/artpublix.com\/en\/#\/schema\/logo\/image\/"}}]}},"uagb_featured_image_src":{"full":false,"thumbnail":false,"medium":false,"medium_large":false,"large":false,"1536x1536":false,"2048x2048":false,"blog-thumb":false,"portfolio-full":false,"blog-full":false,"home-half":false},"uagb_author_info":{"display_name":"thierry","author_link":"https:\/\/artpublix.com\/en\/author\/thierry\/"},"uagb_comment_info":0,"uagb_excerpt":"ARTPUBLIX 5151 Av. Louis-H\u00e9bertMontr\u00e9al (Qc) H2G 3G8 RAYMOND CANTIN (514) 290 9001raymond@artpublix.com JOANNE STR\u00dcBEL (514) 246 4577joanne@artpublix.com","_links":{"self":[{"href":"https:\/\/artpublix.com\/en\/wp-json\/wp\/v2\/pages\/3587","targetHints":{"allow":["GET"]}}],"collection":[{"href":"https:\/\/artpublix.com\/en\/wp-json\/wp\/v2\/pages"}],"about":[{"href":"https:\/\/artpublix.com\/en\/wp-json\/wp\/v2\/types\/page"}],"author":[{"embeddable":true,"href":"https:\/\/artpublix.com\/en\/wp-json\/wp\/v2\/users\/1"}],"replies":[{"embeddable":true,"href":"https:\/\/artpublix.com\/en\/wp-json\/wp\/v2\/comments?post=3587"}],"version-history":[{"count":9,"href":"https:\/\/artpublix.com\/en\/wp-json\/wp\/v2\/pages\/3587\/revisions"}],"predecessor-version":[{"id":3797,"href":"https:\/\/artpublix.com\/en\/wp-json\/wp\/v2\/pages\/3587\/revisions\/3797"}],"wp:attachment":[{"href":"https:\/\/artpublix.com\/en\/wp-json\/wp\/v2\/media?parent=3587"}],"curies":[{"name":"wp","href":"https:\/\/api.w.org\/{rel}","templated":true}]}}